{"id":646,"date":"2020-07-08T14:26:46","date_gmt":"2020-07-08T12:26:46","guid":{"rendered":"http:\/\/2020.heusel-classic.de\/impressum\/"},"modified":"2020-09-01T13:50:58","modified_gmt":"2020-09-01T11:50:58","slug":"impressum","status":"publish","type":"page","link":"https:\/\/www.heusel-classic.de\/en\/impressum\/","title":{"rendered":"Imprint"},"content":{"rendered":"<div class=\"flex_column av_three_fourth  flex_column_div av-zero-column-padding first  avia-builder-el-0  avia-builder-el-no-sibling  \" style='border-radius:0px; '><section class=\"av_textblock_section \"  itemscope=\"itemscope\" itemtype=\"https:\/\/schema.org\/CreativeWork\" ><div class='avia_textblock  '   itemprop=\"text\" ><h2>Imprint<\/h2>\n<\/div><\/section><br \/>\n<section class=\"av_textblock_section \"  itemscope=\"itemscope\" itemtype=\"https:\/\/schema.org\/CreativeWork\" ><div class='avia_textblock  '   itemprop=\"text\" ><div class=\"item_fulltext\">\n<h4 class=\"heading-style-4 visible-first\"><span class=\"item_title_part_0 item_title_part_odd item_title_part_first_half item_title_part_first item_title_part_last\">Herausgeber:<\/span><\/h4>\n<p>Auto Heusel GmbH &amp; Co. KG<br \/>\nGutenbergstra\u00dfe\u00a023\/1<br \/>\n72555 Metzingen<\/p>\n<p>Telefon +49 7123 9672-0<br \/>\nTelefax +49 7123 9672-130<\/p>\n<p>E-Mail: info(at)auto-heusel.de<\/p>\n<h4 class=\"heading-style-4 visible-first\"><span class=\"item_title_part_0 item_title_part_odd item_title_part_first_half item_title_part_first item_title_part_last\">Rechtsform:<\/span><\/h4>\n<p>Sitz der Gesellschaft: Metzingen<br \/>\nRegistergericht: Amtsgericht Stuttgart, HRA-Nr.: 360822; p.h.G. Auto Heusel Verwaltungs GmbH Handelsregister: Stuttgart HRB-Nr. 772806<\/p>\n<h4 class=\"heading-style-4 visible-first\"><span class=\"item_title_part_0 item_title_part_odd item_title_part_first_half item_title_part_first\">Pers\u00f6nlich<\/span> <span class=\"item_title_part_1 item_title_part_even item_title_part_first_half\">haftende<\/span> <span class=\"item_title_part_2 item_title_part_odd item_title_part_second_half item_title_part_last\">Gesellschafterin:<\/span><\/h4>\n<p>Auto Heusel Verwaltungs GmbH<br \/>\nVertreten durch Axel Biedermann, Beate Frey<br \/>\nAmtsgericht Stuttgart, HRB-Nr. 772806<\/p>\n<p>Umsatzsteueridentifikationsnummer: DE 147 173 272<\/p>\n<h4 class=\"heading-style-4 visible-first\"><span class=\"item_title_part_0 item_title_part_odd item_title_part_first_half item_title_part_first item_title_part_last\">Gesch\u00e4ftsf\u00fchrer:<\/span><\/h4>\n<p>Axel Biedermann, Beate Frey<\/p>\n<h4 class=\"heading-style-4 visible-first\"><span class=\"item_title_part_0 item_title_part_odd item_title_part_first_half item_title_part_first\">Gesamtverantwortung<\/span> <span class=\"item_title_part_1 item_title_part_even item_title_part_first_half\">und<\/span> <span class=\"item_title_part_2 item_title_part_odd item_title_part_second_half\">Inhalt<\/span> <span class=\"item_title_part_3 item_title_part_even item_title_part_second_half item_title_part_last\">Homepage:<\/span><\/h4>\n<p>Beate Frey<br \/>\nE-Mail: <span id=\"cloak6a88fdfc2b62de653eefc746850fb048\"><a href=\"mailto:beate.frey@auto-heusel.de\" target=\"_blank\" rel=\"noopener noreferrer\">beate.frey(at)auto-heusel.de<\/a><\/span><\/p>\n<h4 class=\"heading-style-4 visible-first\"><span class=\"item_title_part_0 item_title_part_odd item_title_part_first_half item_title_part_first item_title_part_last\">Haftungsausschluss:<\/span><\/h4>\n<p>Die Auto Heusel GmbH &amp; Co. KG distanziert sich hiermit ausdr\u00fccklich von allen Inhalten s\u00e4mtlicher gelinkter Seiten auf ihren Internetseiten und verweist darauf, dass sie weder Einfluss auf Gestaltung und Inhalte der gelinkten Seiten hat noch sich diese Inhalte zu eigen macht.<\/p>\n<p>Versicherungsvermittlerregister (www.vermittlerregister.info)<br \/>\nRegister-Nr. D-UEGE-OSRL5-82<br \/>\nErlaubnisbefreiung nach \u00a7 34d Abs. 3 GewO, erteilt durch die IHK Reutlingen, Hindenburgstr. 54, 72762 Reutlingen<\/p>\n<h4 class=\"heading-style-4 visible-first\"><span class=\"item_title_part_0 item_title_part_odd item_title_part_first_half item_title_part_first\">Informationen<\/span> <span class=\"item_title_part_1 item_title_part_even item_title_part_first_half\">zur<\/span> <span class=\"item_title_part_2 item_title_part_odd item_title_part_second_half item_title_part_last\">Online-Streitbeilegung:<\/span><\/h4>\n<p>Die EU-Kommission hat eine Internetplattform zur Online-Beilegung von Streitigkeiten (sog. \u201eOS-Plattform\u201c) geschaffen. Die OS-Plattform dient als Anlaufstelle zur au\u00dfergerichtlichen Beilegung von Streitigkeiten betreffend vertragliche Verpflichtungen, die aus Online-Kaufvertr\u00e4gen erwachsen. Sie k\u00f6nnen die OS-Plattform unter dem folgenden Link erreichen: http:\/\/ec.europa.eu\/consumers\/odr<\/p>\n<h4 class=\"heading-style-4 visible-first\"><span class=\"item_title_part_0 item_title_part_odd item_title_part_first_half item_title_part_first\">Hinweis<\/span> <span class=\"item_title_part_1 item_title_part_even item_title_part_first_half\">gem\u00e4\u00df<\/span> <span class=\"item_title_part_2 item_title_part_odd item_title_part_first_half\">\u00a7<\/span> <span class=\"item_title_part_3 item_title_part_even item_title_part_second_half\">36<\/span> <span class=\"item_title_part_4 item_title_part_odd item_title_part_second_half\">Verbraucherstreitbeilegungsgesetz<\/span> <span class=\"item_title_part_5 item_title_part_even item_title_part_second_half item_title_part_last\">(VSBG):<\/span><\/h4>\n<p>Auto Heusel GmbH &amp; Co. KG wird nicht an einem Streitbeilegungsverfahren vor einer Verbraucherschlichtungsstelle im Sinne des VSBG teilnehmen und ist hierzu auch nicht verpflichtet.<\/p>\n<\/div>\n<\/div><\/section><\/p><\/div>\n","protected":false},"excerpt":{"rendered":"","protected":false},"author":4,"featured_media":0,"parent":0,"menu_order":0,"comment_status":"closed","ping_status":"closed","template":"","meta":{"footnotes":""},"yoast_head":"<!-- This site is optimized with the Yoast SEO plugin v21.5 - https:\/\/yoast.com\/wordpress\/plugins\/seo\/ -->\n<title>Imprint - Heusel Classic<\/title>\n<meta name=\"robots\" content=\"index, follow, max-snippet:-1, max-image-preview:large, max-video-preview:-1\" \/>\n<link rel=\"canonical\" href=\"https:\/\/www.heusel-classic.de\/en\/impressum\/\" \/>\n<meta property=\"og:locale\" content=\"en_US\" \/>\n<meta property=\"og:type\" content=\"article\" \/>\n<meta property=\"og:title\" content=\"Imprint - Heusel Classic\" \/>\n<meta property=\"og:url\" content=\"https:\/\/www.heusel-classic.de\/en\/impressum\/\" \/>\n<meta property=\"og:site_name\" content=\"Heusel Classic\" \/>\n<meta property=\"article:modified_time\" content=\"2020-09-01T11:50:58+00:00\" \/>\n<meta name=\"twitter:card\" content=\"summary_large_image\" \/>\n<meta name=\"twitter:label1\" content=\"Est. reading time\" \/>\n\t<meta name=\"twitter:data1\" content=\"2 minutes\" \/>\n<script type=\"application\/ld+json\" class=\"yoast-schema-graph\">{\"@context\":\"https:\/\/schema.org\",\"@graph\":[{\"@type\":\"WebPage\",\"@id\":\"https:\/\/www.heusel-classic.de\/en\/impressum\/\",\"url\":\"https:\/\/www.heusel-classic.de\/en\/impressum\/\",\"name\":\"Imprint - Heusel Classic\",\"isPartOf\":{\"@id\":\"https:\/\/www.heusel-classic.de\/en\/#website\"},\"datePublished\":\"2020-07-08T12:26:46+00:00\",\"dateModified\":\"2020-09-01T11:50:58+00:00\",\"breadcrumb\":{\"@id\":\"https:\/\/www.heusel-classic.de\/en\/impressum\/#breadcrumb\"},\"inLanguage\":\"en-US\",\"potentialAction\":[{\"@type\":\"ReadAction\",\"target\":[\"https:\/\/www.heusel-classic.de\/en\/impressum\/\"]}]},{\"@type\":\"BreadcrumbList\",\"@id\":\"https:\/\/www.heusel-classic.de\/en\/impressum\/#breadcrumb\",\"itemListElement\":[{\"@type\":\"ListItem\",\"position\":1,\"name\":\"Startseite\",\"item\":\"https:\/\/www.heusel-classic.de\/en\/\"},{\"@type\":\"ListItem\",\"position\":2,\"name\":\"Imprint\"}]},{\"@type\":\"WebSite\",\"@id\":\"https:\/\/www.heusel-classic.de\/en\/#website\",\"url\":\"https:\/\/www.heusel-classic.de\/en\/\",\"name\":\"Heusel Classic\",\"description\":\"\",\"potentialAction\":[{\"@type\":\"SearchAction\",\"target\":{\"@type\":\"EntryPoint\",\"urlTemplate\":\"https:\/\/www.heusel-classic.de\/en\/?s={search_term_string}\"},\"query-input\":\"required name=search_term_string\"}],\"inLanguage\":\"en-US\"}]}<\/script>\n<!-- \/ Yoast SEO plugin. -->","yoast_head_json":{"title":"Imprint - Heusel Classic","robots":{"index":"index","follow":"follow","max-snippet":"max-snippet:-1","max-image-preview":"max-image-preview:large","max-video-preview":"max-video-preview:-1"},"canonical":"https:\/\/www.heusel-classic.de\/en\/impressum\/","og_locale":"en_US","og_type":"article","og_title":"Imprint - Heusel Classic","og_url":"https:\/\/www.heusel-classic.de\/en\/impressum\/","og_site_name":"Heusel Classic","article_modified_time":"2020-09-01T11:50:58+00:00","twitter_card":"summary_large_image","twitter_misc":{"Est. reading time":"2 minutes"},"schema":{"@context":"https:\/\/schema.org","@graph":[{"@type":"WebPage","@id":"https:\/\/www.heusel-classic.de\/en\/impressum\/","url":"https:\/\/www.heusel-classic.de\/en\/impressum\/","name":"Imprint - Heusel Classic","isPartOf":{"@id":"https:\/\/www.heusel-classic.de\/en\/#website"},"datePublished":"2020-07-08T12:26:46+00:00","dateModified":"2020-09-01T11:50:58+00:00","breadcrumb":{"@id":"https:\/\/www.heusel-classic.de\/en\/impressum\/#breadcrumb"},"inLanguage":"en-US","potentialAction":[{"@type":"ReadAction","target":["https:\/\/www.heusel-classic.de\/en\/impressum\/"]}]},{"@type":"BreadcrumbList","@id":"https:\/\/www.heusel-classic.de\/en\/impressum\/#breadcrumb","itemListElement":[{"@type":"ListItem","position":1,"name":"Startseite","item":"https:\/\/www.heusel-classic.de\/en\/"},{"@type":"ListItem","position":2,"name":"Imprint"}]},{"@type":"WebSite","@id":"https:\/\/www.heusel-classic.de\/en\/#website","url":"https:\/\/www.heusel-classic.de\/en\/","name":"Heusel Classic","description":"","potentialAction":[{"@type":"SearchAction","target":{"@type":"EntryPoint","urlTemplate":"https:\/\/www.heusel-classic.de\/en\/?s={search_term_string}"},"query-input":"required name=search_term_string"}],"inLanguage":"en-US"}]}},"_links":{"self":[{"href":"https:\/\/www.heusel-classic.de\/en\/wp-json\/wp\/v2\/pages\/646"}],"collection":[{"href":"https:\/\/www.heusel-classic.de\/en\/wp-json\/wp\/v2\/pages"}],"about":[{"href":"https:\/\/www.heusel-classic.de\/en\/wp-json\/wp\/v2\/types\/page"}],"author":[{"embeddable":true,"href":"https:\/\/www.heusel-classic.de\/en\/wp-json\/wp\/v2\/users\/4"}],"replies":[{"embeddable":true,"href":"https:\/\/www.heusel-classic.de\/en\/wp-json\/wp\/v2\/comments?post=646"}],"version-history":[{"count":1,"href":"https:\/\/www.heusel-classic.de\/en\/wp-json\/wp\/v2\/pages\/646\/revisions"}],"predecessor-version":[{"id":657,"href":"https:\/\/www.heusel-classic.de\/en\/wp-json\/wp\/v2\/pages\/646\/revisions\/657"}],"wp:attachment":[{"href":"https:\/\/www.heusel-classic.de\/en\/wp-json\/wp\/v2\/media?parent=646"}],"curies":[{"name":"wp","href":"https:\/\/api.w.org\/{rel}","templated":true}]}}